{"id":17,"date":"2023-02-26T16:19:23","date_gmt":"2023-02-26T15:19:23","guid":{"rendered":"http:\/\/about.sebastianscheuer.eu\/?page_id=17"},"modified":"2023-02-26T22:11:33","modified_gmt":"2023-02-26T21:11:33","slug":"impressum","status":"publish","type":"page","link":"https:\/\/www.sebastianscheuer.eu\/en\/impressum","title":{"rendered":"Imprint"},"content":{"rendered":"<p>Responsible party per \u00a75 TMG<\/p>\n\n\n\n<p>Sebastian Scheuer<br>Cranachweg 26<br>06712 Zeitz<\/p>\n\n\n\n<p>E-Mail: info@sebastianscheuer.eu<\/p>\n\n\n\n<p><br \/><\/p>","protected":false},"excerpt":{"rendered":"<p>Inhaltlich Verantwortlich\/Angaben gem\u00e4\u00df \u00a75 Telemediengesetz: Sebastian ScheuerCranachweg 2606712 Zeitz E-Mail: info@sebastianscheuer.eu Ich widerspreche ausdr\u00fccklich der Nutzung und\/oder \u00dcbermittlung meiner hier genannten Kontaktdaten f\u00fcr kommerzielle Zwecke oder f\u00fcr die Markt- bzw. Meinungsforschung (\u00a728 Abs.4 BDSG).<\/p>","protected":false},"author":1,"featured_media":0,"parent":0,"menu_order":0,"comment_status":"closed","ping_status":"closed","template":"","meta":{"_editorskit_title_hidden":false,"_editorskit_reading_time":0,"_editorskit_is_block_options_detached":false,"_editorskit_block_options_position":"{}","_coblocks_attr":"","_coblocks_dimensions":"","_coblocks_responsive_height":"","_coblocks_accordion_ie_support":"","_rtrb_font_attr":"","footnotes":""},"class_list":["post-17","page","type-page","status-publish","hentry"],"_links":{"self":[{"href":"https:\/\/www.sebastianscheuer.eu\/en\/wp-json\/wp\/v2\/pages\/17","targetHints":{"allow":["GET"]}}],"collection":[{"href":"https:\/\/www.sebastianscheuer.eu\/en\/wp-json\/wp\/v2\/pages"}],"about":[{"href":"https:\/\/www.sebastianscheuer.eu\/en\/wp-json\/wp\/v2\/types\/page"}],"author":[{"embeddable":true,"href":"https:\/\/www.sebastianscheuer.eu\/en\/wp-json\/wp\/v2\/users\/1"}],"replies":[{"embeddable":true,"href":"https:\/\/www.sebastianscheuer.eu\/en\/wp-json\/wp\/v2\/comments?post=17"}],"version-history":[{"count":2,"href":"https:\/\/www.sebastianscheuer.eu\/en\/wp-json\/wp\/v2\/pages\/17\/revisions"}],"predecessor-version":[{"id":79,"href":"https:\/\/www.sebastianscheuer.eu\/en\/wp-json\/wp\/v2\/pages\/17\/revisions\/79"}],"wp:attachment":[{"href":"https:\/\/www.sebastianscheuer.eu\/en\/wp-json\/wp\/v2\/media?parent=17"}],"curies":[{"name":"wp","href":"https:\/\/api.w.org\/{rel}","templated":true}]}}